{"id":323,"date":"2021-03-12T13:36:34","date_gmt":"2021-03-12T12:36:34","guid":{"rendered":"https:\/\/blockline.bike\/family-bike-trail\/adventure-bike-loop-3\/"},"modified":"2025-07-09T15:37:27","modified_gmt":"2025-07-09T13:37:27","slug":"adventure-bike-loop-2","status":"publish","type":"page","link":"https:\/\/blockline.bike\/en\/family-bike-trail\/blockline-mtb-loop-2\/","title":{"rendered":"Adventure Bike Loop 2"},"content":{"rendered":"\n\n\t\t\t\t<img decoding=\"async\" src=\"https:\/\/blockline.bike\/wp-content\/uploads\/sites\/43\/2019\/12\/header-blockline-schnitt.png\" alt=\"Blockline Bike Logo Erzgebirge\" title=\"Blockline Bike Logo Erzgebirge\" \/>\n\t<h1>BLOCKLINE Loop 2<\/h1>\n<p>Filigree works of art made of gigantic wood and clattering mills by a rushing stream<\/p>\n\t<p>With powerful squeals and roars, giant wooden water wheels drive the mills of the Gimmlitz Valley. They spew out curtains of clear water. The hammers and mortars of the grinding and pounding mills create enormous forces that a human being alone could not muster.<\/p>\n\t\t\t\t<img decoding=\"async\" src=\"https:\/\/blockline.cms.absolut-gps.com\/wp-content\/uploads\/sites\/10\/2020\/10\/blockhausen-mountain-bike-familie-strecke-blockline-erzgebirge-1024x683.jpg\" alt=\"blockhausen-mountain-bike-familie-strecke-blockline-erzgebirge\" title=\"blockhausen-mountain-bike-familie-strecke-blockline-erzgebirge\" \/>\n\t<p>Enormous forces are also developed by the screeching chainsaws, which carve amazingly intricate works of art from gigantic blocks of wood at the annual chainsaw world championships. In Blockhausen, you are immersed in an immense fantasy settlement made of wood in the middle of the private forest of the Martin family. A comparably large collection of wooden sculptures can&#8217;t be found anywhere else. The highlight is the 40-meter-long table. Carved from a single tree trunk, it is in the Guinness Book of Records.<\/p>\n<h4>\n\t\tHighlight from BLOCKLINE Bike-Loop 2\n\t<\/h4>\n\t\t\t\t<img loading=\"lazy\" decoding=\"async\" src=\"https:\/\/blockline.bike\/wp-content\/uploads\/sites\/10\/2020\/10\/gimlitztal-mountain-bike-familie-strecke-blockline-erzgebirge.jpg\" alt=\"gimlitztal-mountain-bike-family-trail-blockline-ore-mountains\" height=\"1000\" width=\"750\" title=\"gimlitztal-mountain-bike-family-trail-blockline-ore-mountains\" \/>\n<h3>\n\t\tGimmlitztal\n\t<\/h3>\n\t<p>The Gimmlitz Valley is also called the &#8220;Valley of the Mills&#8221;. 23 clattering, rushing water mills stood along the course of the river around 1900. Today, five of the mills are still standing and functioning. The Gimmlitz carries very clean water and has a very natural course. The valley stretches for 25 kilometres without a major settlement near its banks.<\/p>\n<h4>\n\t\tHighlight from BLOCKLINE Bike-Loop 2\n\t<\/h4>\n\t\t\t\t<img loading=\"lazy\" decoding=\"async\" src=\"https:\/\/blockline.bike\/wp-content\/uploads\/sites\/10\/2021\/03\/Turmfalke.jpg\" alt=\"Kestrel\" height=\"320\" width=\"750\" title=\"Kestrel\" \/>\n<h3>\n\t\tMulda\n\t<\/h3>\n\t<p>The monumental wooden statues of Blockhausen lead the BLOCKLINE through Mulda. The town lies in the valley of the Freiberg Mulde and was known early on as a watchmaker&#8217;s and violin maker&#8217;s village. Later this gave way to basket weaving. The floodplain areas of the Mulde and Chemnitzbach rivers stretch far and wide. Birds of prey love the region: buzzard, kestrel, sparrow hawk and also red kite circle over the meadows and look out for mice and field hamsters.<\/p>\n<h4>\n\t\tHighlight from Blockline Bike-Loop 2\n\t<\/h4>\n\t\t\t\t<img decoding=\"async\" src=\"https:\/\/blockline.bike\/wp-content\/uploads\/sites\/43\/2020\/10\/Eisenhammer-mountain-bike-familie-strecke-blockline-erzgebirge.png\" alt=\"Eisenhammer-mountain-bike-familie-strecke-blockline-erzgebirge\" title=\"Eisenhammer-mountain-bike-familie-strecke-blockline-erzgebirge\" \/>\n<h3>\n\t\tDorfchemnitz\n\t<\/h3>\n\t<p>In Dorfchemnitz, the water has a difficult path: Via two overflows, the water from the millrace shoots into the paddles and sets the two water wheels in motion. One wheel drives the bellows and makes the forge fire blaze. The second water wheel makes the forge hammer knock tirelessly. The &#8220;Eisenhammer&#8221; is one of the oldest handicraft businesses in Saxony.<\/p>\n\t<script type=\"text\/javascript\" src=\"https:\/\/regio.outdooractive.com\/oar-erzgebirge\/de\/embed\/39595085\/js?mw=false\"><\/script>\n\t<a href=\"https:\/\/www.outdooractive.com\/download.tour.gpx?i=36510494&amp;project=outdooractive&amp;lang=de\" title=\"GPS track mountain bike tour for families BLOCKLINE Loop 2\">\n     <i>Download<\/i><br \/>\n        GPS-Track BLOCKLINE Loop 2 (52 km \u00b7 1.010 elevation gain)\n<\/a>\n<h2>\n\t\tAll Stages of the BLOCKLINE Loop 2\n\t<\/h2>\n    <table>\n        <thead>\n            <tr>\n                <th scope=\"col\">Trail<\/th>\n                <th scope=\"col\">from<\/th>\n                <th scope=\"col\">to<\/th>\n                <th scope=\"col\">Distance<\/th>\n                <th scope=\"col\">Ascent<\/th>\n                <th scope=\"col\">Descent<\/th>\n                <th scope=\"col\">Details<\/th>\n            <\/tr>\n        <\/thead>\n        <tbody>\n                            <tr>\n                    <td colspan=\"7\">\n                        <h3>Blockline Bike-Loop 2                            <a href=\"https:\/\/blockline.bike\/en\/family-bike-trail\/blockline-mtb-loop-2\/\">Complete Overview<\/a>\n                        <\/h3>\n                    <\/td>\n                <\/tr>\n                                        <tr>\n                            <th scope=\"row\">Transit: Start Loop 2<\/th>\n                            <td>Holzhau<\/td>\n                            <td>Hermsdorf<\/td>\n                            <td>6,5 km<\/td>\n                            <td>256 m<\/td>\n                            <td>148 m<\/td>\n                            <td><a href=\"https:\/\/blockline.bike\/en\/blockline-stage\/transit-start-loop-2\/\">More Information<\/a><\/td>\n                        <\/tr>\n                                            <tr>\n                            <th scope=\"row\">Stage 7<\/th>\n                            <td>Hermsdorf<\/td>\n                            <td>Frauenstein<\/td>\n                            <td>12,3 km<\/td>\n                            <td>140 m<\/td>\n                            <td>207 m<\/td>\n                            <td><a href=\"https:\/\/blockline.bike\/en\/family-bike-route\/blockline-mtb-loop-1\/blockline-mtb-stage-7-hermsdorf-frauenstein\/\">More Information<\/a><\/td>\n                        <\/tr>\n                                            <tr>\n                            <th scope=\"row\">Stage 8<\/th>\n                            <td>Frauenstein<\/td>\n                            <td>Blockhausen<\/td>\n                            <td>13,7 km<\/td>\n                            <td>273 m<\/td>\n                            <td>381 m<\/td>\n                            <td><a href=\"https:\/\/blockline.bike\/en\/family-bike-route\/blockline-mtb-loop-1\/blockline-mtb-stage-8-frauenstein-blockhausen\/\">More Information<\/a><\/td>\n                        <\/tr>\n                                            <tr>\n                            <th scope=\"row\">Stage 9<\/th>\n                            <td>Blockhausen<\/td>\n                            <td>Kreuztanne<\/td>\n                            <td>13 km<\/td>\n                            <td>276 m<\/td>\n                            <td>122 m<\/td>\n                            <td><a href=\"https:\/\/blockline.bike\/en\/family-bike-route\/blockline-mtb-loop-1\/blockline-mtb-stage-9-blockhausen-kreuztanne\/\">More Information<\/a><\/td>\n                        <\/tr>\n                                            <tr>\n                            <th scope=\"row\">Transit: End Loop 2<\/th>\n                            <td>Kreuztanne<\/td>\n                            <td>Holzhau<\/td>\n                            <td>10,2 km<\/td>\n                            <td>122 m<\/td>\n                            <td>224 m<\/td>\n                            <td><a href=\"https:\/\/blockline.bike\/en\/familien-bike-strecke\/blockline-mtb-loop-2\/blockline-mtb-transit-kreuztanne-holzhau\/\">More Information<\/a><\/td>\n                        <\/tr>\n                            <\/tbody>\n    <\/table>\n<h2>\n\t\tAccommodations on the BLOPCKLINE Loop 2\n\t<\/h2>\n        <a target=\"_blank\" href=\"https:\/\/www.erzgebirge-tourismus.de\/apps\/tosc5\/#\/unterkuenfte\/SAC\/1e548774-a7ed-4d16-92da-25d7a6a0c863\/berghotel-talblick?useDetailSearch=true\" data-filter-loop-1 data-filter-loop-2 data-filter-loop-3 data-filter-central rel=\"noopener\">\n                        <h4>Berghotel Talblick<\/h4>\n                        <p>Rechenberg-Bienenm\u00fchle \u00b7 <b>Loop&nbsp;1&nbsp;&middot; Loop&nbsp;2&nbsp;&middot; Loop&nbsp;3<\/b><\/p>\n                                                    <p>Etappen 15&nbsp;&amp;&nbsp;1: C\u00e4mmerswalde&nbsp;&raquo; Holzhau&nbsp;&raquo; Neuhermsdorf<\/p>\n                                                \n                            &nbsp;Familienzimmer\/ Aufbettung \u00b7 &nbsp;Kinderteller \u00b7 &nbsp;W\u00e4scheservice<br \/><br \/>&nbsp;vegetarische Gerichte \u00b7 &nbsp;vegane Gerichte \u00b7 &nbsp;Lunchpaket \u00b7 &nbsp;Fr\u00fchst\u00fcck ab 08:00 Uhr \u00b7 K\u00fcche schlie\u00dft 22:00 Uhr<br \/><br \/>&nbsp;Bike-Garage \u00b7 Bike-Wash \u00b7 Bikeverleih \u00b7 &nbsp;Bikewerkstatt\/-zeug \u00b7 &nbsp;Ladem\u00f6glichkeit f\u00fcr E-Bikes                        \n        <\/a>\n        <a target=\"_blank\" href=\"https:\/\/www.erzgebirge-tourismus.de\/apps\/tosc5\/#\/unterkuenfte\/SAC\/4d106bab-bf8b-48aa-8247-c2e4d91b9895\/ferienwohnung-goldene-hoehe?useDetailSearch=false\" data-filter-loop-1 data-filter-loop-2 data-filter-loop-3 data-filter-central rel=\"noopener\">\n                        <h4>Ferienwohnung Goldene H\u00f6he<\/h4>\n                        <p>Rechenberg-Bienenm\u00fchle \u00b7 <b>Loop&nbsp;1&nbsp;&middot; Loop&nbsp;2&nbsp;&middot; Loop&nbsp;3<\/b><\/p>\n                                                    <p>Etappen 15&nbsp;&amp;&nbsp;1: C\u00e4mmerswalde&nbsp;&raquo; Holzhau&nbsp;&raquo; Neuhermsdorf<\/p>\n                                                \n                            &nbsp;Familienzimmer\/ Aufbettung \u00b7 &nbsp;Spielplatz\/-zimmer \u00b7 &nbsp;W\u00e4scheservice<br \/><br \/>&nbsp;Bike-Garage \u00b7 Bike-Wash \u00b7 Bikeverleih \u00b7 &nbsp;Bikewerkstatt\/-zeug \u00b7 &nbsp;Ladem\u00f6glichkeit f\u00fcr E-Bikes                        \n        <\/a>\n        <a target=\"_blank\" href=\"https:\/\/www.erzgebirge-tourismus.de\/apps\/tosc5\/#\/unterkuenfte\/SAC\/9edce692-58c1-4dd0-9b0e-e37ceace2900\/naturhotel-lindenhof?useDetailSearch=true\" data-filter-loop-1 data-filter-loop-2 data-filter-loop-3 data-filter-central rel=\"noopener\">\n                        <h4>Naturhotel Lindenhof<\/h4>\n                        <p>Rechenberg-Bienenm\u00fchle \u00b7 <b>Loop&nbsp;1&nbsp;&middot; Loop&nbsp;2&nbsp;&middot; Loop&nbsp;3<\/b><\/p>\n                                                    <p>Etappen 15&nbsp;&amp;&nbsp;1: C\u00e4mmerswalde&nbsp;&raquo; Holzhau&nbsp;&raquo; Neuhermsdorf<\/p>\n                                                \n                            &nbsp;Familienzimmer\/ Aufbettung \u00b7 &nbsp;Spielplatz\/-zimmer \u00b7 &nbsp;Kinderteller \u00b7 &nbsp;W\u00e4scheservice<br \/><br \/>&nbsp;vegetarische Gerichte \u00b7 &nbsp;Lunchpaket \u00b7 &nbsp;Fr\u00fchst\u00fcck ab 07:30 Uhr \u00b7 K\u00fcche schlie\u00dft 20:30 Uhr<br \/><br \/>&nbsp;Bike-Garage \u00b7 Bikeverleih                        \n        <\/a>\n        <a target=\"_blank\" href=\"https:\/\/www.erzgebirge-tourismus.de\/apps\/tosc5\/#\/unterkuenfte\/SAC\/1b584476-c152-4eb3-8ff7-9be566dda262\/sporthuetten-nassau?useDetailSearch=false\" data-filter-loop-1 data-filter-loop-2 data-filter-loop-3 data-filter-central rel=\"noopener\">\n                        <h4>Sporth\u00fctten Nassau<\/h4>\n                        <p>Frauenstein \u00b7 <b>Loop&nbsp;1&nbsp;&middot; Loop&nbsp;2&nbsp;&middot; Loop&nbsp;3<\/b><\/p>\n                                                    <p>Etappen 1&nbsp;&amp;&nbsp;7&nbsp;&amp;&nbsp;15: Holzhau&nbsp;&raquo; Neuhermsdorf&nbsp;&raquo; Frauenstein&nbsp;&raquo; Holzhau<\/p>\n                                                \n                            &nbsp;Familienzimmer\/ Aufbettung \u00b7 &nbsp;Spielplatz\/-zimmer \u00b7 &nbsp;W\u00e4scheservice<br \/><br \/>&nbsp;Bike-Garage \u00b7 Bike-Wash \u00b7 Bikeverleih \u00b7 &nbsp;Bikewerkstatt\/-zeug \u00b7 &nbsp;Ladem\u00f6glichkeit f\u00fcr E-Bikes                        \n        <\/a>\n        <a target=\"_blank\" href=\"https:\/\/www.erzgebirge-tourismus.de\/apps\/tosc5\/#\/unterkuenfte\/SAC\/0410e497-cc7b-41e4-9878-c9989fa88659\/hutzenalm?useDetailSearch=true\" data-filter-loop-2 rel=\"noopener\">\n                        <h4>Erlebnis Ferienhof hutzenAlm<\/h4>\n                        <p>Hartmannsdorf &#8211; Reichenau \u00b7 <b>Loop&nbsp;2<\/b><\/p>\n                                                    <p>Etappen 7&nbsp;&amp;&nbsp;8: Hermsdorf&nbsp;&raquo; Frauenstein&nbsp;&raquo; Blockhausen<\/p>\n                                                \n                            &nbsp;Familienzimmer\/ Aufbettung \u00b7 &nbsp;Spielplatz\/-zimmer \u00b7 &nbsp;W\u00e4scheservice<br \/><br \/>&nbsp;Bike-Garage                        \n        <\/a>\n        <a target=\"_blank\" href=\"https:\/\/www.erzgebirge-tourismus.de\/apps\/tosc5\/#\/unterkuenfte\/SAC\/280240c6-9b3d-4127-9f0d-a143456baf5f\/hotel-goldener-stern?useDetailSearch=false\" data-filter-loop-2 rel=\"noopener\">\n                        <h4>Hotel &#8220;Goldener Stern&#8221; Frauenstein<\/h4>\n                        <p>Frauenstein \u00b7 <b>Loop&nbsp;2<\/b><\/p>\n                                                    <p>Etappen 7&nbsp;&amp;&nbsp;8: Hermsdorf&nbsp;&raquo; Frauenstein&nbsp;&raquo; Blockhausen<\/p>\n                                                \n                            &nbsp;Familienzimmer\/ Aufbettung \u00b7 &nbsp;Kinderteller \u00b7 &nbsp;W\u00e4scheservice<br \/><br \/>&nbsp;vegetarische Gerichte \u00b7 &nbsp;vegane Gerichte \u00b7 &nbsp;Lunchpaket \u00b7 &nbsp;Fr\u00fchst\u00fcck ab 07:00 Uhr \u00b7 K\u00fcche schlie\u00dft 20:00 Uhr<br \/><br \/>&nbsp;Bike-Garage \u00b7 Bike-Wash \u00b7 Bikeverleih \u00b7 &nbsp;Bikewerkstatt\/-zeug \u00b7 &nbsp;Ladem\u00f6glichkeit f\u00fcr E-Bikes                        \n        <\/a>\n        <a target=\"_blank\" href=\"https:\/\/www.erzgebirge-tourismus.de\/apps\/tosc5\/#\/unterkuenfte\/SAC\/9415d7fa-17dc-4054-91f7-92c35da1648e\/hotel-frauensteiner-hof?useDetailSearch=true\" data-filter-loop-2 rel=\"noopener\">\n                        <h4>Hotel Frauensteiner Hof<\/h4>\n                        <p>Frauenstein \u00b7 <b>Loop&nbsp;2<\/b><\/p>\n                                                    <p>Etappen 7&nbsp;&amp;&nbsp;8: Hermsdorf&nbsp;&raquo; Frauenstein&nbsp;&raquo; Blockhausen<\/p>\n                                                \n                            &nbsp;Familienzimmer\/ Aufbettung \u00b7 &nbsp;Kinderteller \u00b7 &nbsp;W\u00e4scheservice<br \/><br \/>&nbsp;vegetarische Gerichte \u00b7 &nbsp;vegane Gerichte \u00b7 &nbsp;Lunchpaket \u00b7 &nbsp;Fr\u00fchst\u00fcck ab 07:30 Uhr \u00b7 K\u00fcche schlie\u00dft 20:30 Uhr<br \/><br \/>&nbsp;Bike-Garage \u00b7 Bike-Wash \u00b7 Bikeverleih \u00b7 &nbsp;Bikewerkstatt\/-zeug \u00b7 &nbsp;Ladem\u00f6glichkeit f\u00fcr E-Bikes                        \n        <\/a>\n        <a target=\"_blank\" href=\"https:\/\/www.jugendherberge.de\/jugendherbergen\/frauenstein-55\/reisen\/\" data-filter-loop-2 rel=\"noopener\">\n                        <h4>Jugendherberge Frauenstein<\/h4>\n                        <p>Frauenstein \u00b7 <b>Loop&nbsp;2<\/b><\/p>\n                                                    <p>Etappe 7: Hermsdorf&nbsp;&raquo; Frauenstein<\/p>\n                                                \n                            &nbsp;Familienzimmer\/ Aufbettung \u00b7 &nbsp;Spielplatz\/-zimmer \u00b7 &nbsp;W\u00e4scheservice<br \/><br \/>&nbsp;vegetarische Gerichte \u00b7 &nbsp;vegane Gerichte \u00b7 &nbsp;Lunchpaket \u00b7 &nbsp;Fr\u00fchst\u00fcck ab 08:00 Uhr \u00b7 K\u00fcche schlie\u00dft 19:00 Uhr<br \/><br \/>&nbsp;Bike-Garage \u00b7 Bike-Wash \u00b7 &nbsp;Bikewerkstatt\/-zeug                        \n        <\/a>\n        <a target=\"_blank\" href=\"https:\/\/www.erzgebirge-tourismus.de\/apps\/tosc5\/#\/unterkuenfte\/SAC\/6ef33fc9-3b6a-4609-b8ef-38d2d9831891\/waldhotel-kreuztanne-gmbh?useDetailSearch=false\" data-filter-loop-2 data-filter-loop-3 data-filter-central rel=\"noopener\">\n                        <h4>Waldhotel Kreuztanne<\/h4>\n                        <p>Sayda \u00b7 <b>Loop&nbsp;2&nbsp;&middot; Loop&nbsp;3<\/b><\/p>\n                                                    <p>Etappen 9&nbsp;&amp;&nbsp;10&nbsp;&amp;&nbsp;14: Blockhausen&nbsp;&raquo; Kreuztanne&nbsp;&raquo; Mortelgrund&nbsp;&raquo; C\u00e4mmerswalde<\/p>\n                                                \n                            &nbsp;Familienzimmer\/ Aufbettung \u00b7 &nbsp;Spielplatz\/-zimmer \u00b7 &nbsp;Kinderteller \u00b7 &nbsp;W\u00e4scheservice<br \/><br \/>&nbsp;vegetarische Gerichte \u00b7 &nbsp;vegane Gerichte \u00b7 &nbsp;Lunchpaket \u00b7 &nbsp;Fr\u00fchst\u00fcck ab 07:00 Uhr \u00b7 K\u00fcche schlie\u00dft 21:00 Uhr<br \/><br \/>&nbsp;Bike-Garage \u00b7 Bike-Wash \u00b7 Bikeverleih \u00b7 &nbsp;Bikewerkstatt\/-zeug \u00b7 &nbsp;Ladem\u00f6glichkeit f\u00fcr E-Bikes                        \n        <\/a>\n        <a target=\"_blank\" href=\"https:\/\/www.jugendherberge.de\/jugendherbergen\/sayda-82\/reisen\/\" data-filter-loop-2 data-filter-loop-3 data-filter-central rel=\"noopener\">\n                        <h4>Jugendherberge Sayda<\/h4>\n                        <p>Sayda \u00b7 <b>Loop&nbsp;2&nbsp;&middot; Loop&nbsp;3<\/b><\/p>\n                                                    <p>Etappe 10: Kreuztanne&nbsp;&raquo; Mortelgrund<\/p>\n                                                \n                            &nbsp;Familienzimmer\/ Aufbettung \u00b7 &nbsp;Spielplatz\/-zimmer \u00b7 &nbsp;W\u00e4scheservice<br \/><br \/>&nbsp;vegetarische Gerichte \u00b7 &nbsp;vegane Gerichte \u00b7 &nbsp;Lunchpaket \u00b7 &nbsp;Fr\u00fchst\u00fcck ab 07:45 Uhr \u00b7 K\u00fcche schlie\u00dft 19:30 Uhr<br \/><br \/>&nbsp;Bike-Garage \u00b7 Bike-Wash \u00b7 &nbsp;Bikewerkstatt\/-zeug                        \n        <\/a>\n<h2>Blockline Bike-Loop 2: Touren &amp; Termine<\/h2>\n                        <p>Fest<\/p>\n                        <h4><mark>27.&mdash;29.5.<\/mark> &#8211; Kettens\u00e4ge-Weltmeisterschaft<\/h4>\n                                                                        <p>Am Wochenende vom 27.-29. Mai 2023 ist es wieder soweit: Carver aus 11 L\u00e4ndern werden in Blockhausen zu Gast sein und mit Kettens\u00e4gen Kunstwerke aus Holz zaubern. Parallel wird wieder die Qualifikation zur Deutschen Speedcarvingmeisterschaft stattfinden. <\/p>\n                        \n                            <a target=\"_blank\" href=\"https:\/\/blockhausencup.de\/\" rel=\"noopener\">alle Infos &amp; Anmeldung<\/a>\n                        \n                        <p>Guiding<\/p>\n                        <h4><mark>30.6.&mdash;2.7.<\/mark> &#8211; BLOCKLINE Women Weekend<\/h4>\n                                                                        <p>Ladies aufgepasst: Erlebt vom 30.6.-2.7. 2023 ein Wochenende ( mit 2 \u00dcN, Fr\u00fchst\u00fcck &amp; HP) auf der BLOCKLINE. Das Berghotel Talblick ist idealer Ausgangspunkt f\u00fcr drei gef\u00fchrte Tourentage!  An drei Fahrtagen nehmt Ihr jeweils einen der Loops unter die R\u00e4der,<\/p>\n                        \n                            <a target=\"_blank\" href=\"https:\/\/regio.outdooractive.com\/oar-erzgebirge\/de\/angebot\/radreise\/blockline-women-weekend-mit-guide-katja\/801983884\/\" rel=\"noopener\">alle Infos &amp; Anmeldung<\/a>\n                        \n                        <p>Guiding<\/p>\n                        <h4><mark>7.&mdash;9.7.<\/mark> &#8211; BLOCKLINE-Weekend<\/h4>\n                                                    <p><b>Loop&nbsp;2<\/b><\/p>\n                                                                        Mit dem Hotel &#8220;Goldener Stern in Frauenstein&#8221; als offizieller BLOCKLINE Inn- Partner sind Abenteuer, Entspannung und Genuss im erzgebirgischen Ambiente garantiert. Das ist der Abenteuerplan:  \n2 \u00dcbernachtungen inkl. HP, Tourenbriefing, Stadtf\u00fchrung, gef\u00fchrte Blockline Tour &#8220;Loop 2&#8221;, Grillabend, Kirchturmbesichtigung, Besuch Silbermann Museum\n                        \n                            <a target=\"_blank\" href=\"https:\/\/www.goldener-stern-frauenstein.de\/\" rel=\"noopener\">alle Infos &amp; Anmeldung<\/a>\n                        \n\n","protected":false},"excerpt":{"rendered":"<p>BLOCKLINE Loop 2 Filigree works of art made of gigantic wood and clattering mills by a rushing stream With powerful squeals and roars, giant wooden water wheels drive the mills of the Gimmlitz Valley. They spew out curtains of clear water. The hammers and mortars of the grinding and pounding mills create enormous forces that&hellip;<\/p>\n","protected":false},"author":1,"featured_media":0,"parent":287,"menu_order":0,"comment_status":"closed","ping_status":"closed","template":"","meta":{"footnotes":""},"_links":{"self":[{"href":"https:\/\/blockline.bike\/en\/wp-json\/wp\/v2\/pages\/323"}],"collection":[{"href":"https:\/\/blockline.bike\/en\/wp-json\/wp\/v2\/pages"}],"about":[{"href":"https:\/\/blockline.bike\/en\/wp-json\/wp\/v2\/types\/page"}],"author":[{"embeddable":true,"href":"https:\/\/blockline.bike\/en\/wp-json\/wp\/v2\/users\/1"}],"replies":[{"embeddable":true,"href":"https:\/\/blockline.bike\/en\/wp-json\/wp\/v2\/comments?post=323"}],"version-history":[{"count":4,"href":"https:\/\/blockline.bike\/en\/wp-json\/wp\/v2\/pages\/323\/revisions"}],"predecessor-version":[{"id":6587,"href":"https:\/\/blockline.bike\/en\/wp-json\/wp\/v2\/pages\/323\/revisions\/6587"}],"up":[{"embeddable":true,"href":"https:\/\/blockline.bike\/en\/wp-json\/wp\/v2\/pages\/287"}],"wp:attachment":[{"href":"https:\/\/blockline.bike\/en\/wp-json\/wp\/v2\/media?parent=323"}],"curies":[{"name":"wp","href":"https:\/\/api.w.org\/{rel}","templated":true}]}}