{"id":322,"date":"2021-03-12T13:33:21","date_gmt":"2021-03-12T12:33:21","guid":{"rendered":"https:\/\/blockline.bike\/family-bike-trail\/bike-adventure-loop-2\/"},"modified":"2025-07-09T15:34:59","modified_gmt":"2025-07-09T13:34:59","slug":"bike-adventure-loop-1","status":"publish","type":"page","link":"https:\/\/blockline.bike\/en\/family-bike-trail\/blockline-mtb-loop-1\/","title":{"rendered":"Bike Adventure Loop 1"},"content":{"rendered":"\n\n\t\t\t\t<img decoding=\"async\" src=\"https:\/\/blockline.bike\/wp-content\/uploads\/sites\/43\/2019\/12\/header-blockline-schnitt.png\" alt=\"Blockline Bike Logo Erzgebirge\" title=\"Blockline Bike Logo Erzgebirge\" \/>\n\t<h1>BLOCKLINE Loop 1<\/h1>\nWhere badgers and red deer greet you:<br \/>\nUnwind in the depths of wonderful nature.\n\t<p>The mountain meadows are in full bloom. And you&#8217;re standing in the middle of it, surrounded by spicy-scented bearwort, blue devil&#8217;s claw, bright orange fire lilies, yellow-gold coltsfoot and purple wood cranesbill. From a distance, you can hear the chirping of the wren, while a dipper hops along the stream.<\/p>\n\t\t\t\t<img loading=\"lazy\" decoding=\"async\" src=\"https:\/\/blockline.bike\/wp-content\/uploads\/sites\/10\/2020\/10\/kahleberg-mountain-bike-familie-strecke-blockline-erzgebirge-056-scaled.jpg\" alt=\"kahleberg-mountain-bike-family-trail-blockline-oremountains-056\" height=\"1709\" width=\"2560\" title=\"kahleberg-mountain-bike-family-trail-blockline-oremountains-056\" \/>\n\t<p>The biodiversity of the forests and mountain meadows here can only be estimated: Red deer, brown hares, otters and badgers. Gray woodpeckers, black storks, black grouse and bats. Adders, wood lizards, slow worms, grass snakes and fire salamanders. They all invite you to gently explore their diverse homes.<\/p>\n<p>Here, between Rechenberg, Bienem\u00fchle and Holzhau, lies the center of the BLOCKLINE &#8211;  the ideal starting point for an exciting expedition. Loop 1 of the BLOCKLINE leads you to Steinkuppe: the home of Master Grimbart. You don&#8217;t know him? The badger feels right at home here at the Steinkuppe. He has had his den on the slope of the north side of the quarry for many generations.<\/p>\n<p>Continue to two brothers of a special kind: The Great Lugstein and the Small Lugstein, they are part of the Ore Mountain ridge and have a height difference of only three centimeters. The taller of the two is also the highest of the 14 eight-thousanders in the Osterzgebirge. Those who conquer it are rewarded with a wide view of the surrounding peaks.<\/p>\n<p>The loop route takes you further to a mystical place: the Georgenfeld high moor is a special natural treasure. Only a few high moors are so well preserved. A unique landscape with rare vegetation: bog pine, cranberry, sundew, trunkberry, cotton grass, seven-pointed star, blueberry and heather characterize the landscape here.<\/p>\n<p>And here there is a special highlight: with its untouched mountain meadows, the Wei\u00dfbach Valley is one of the most charming valleys in the region. With a total length of only five kilometers, the small river flows through an untouched natural paradise between Seyde and Sch\u00f6nefeld. Only nature itself has made profound changes to the vegetation here.<\/p>\n<p>The trail of the dragon leads back to the starting point: the rock at the foot of the Kannelberg is said to look remarkably similar to the fire-breathing mythical creature. That is why the Kannelberg is also known as the dragon head. If there were a real dragon here on the mountain, its cave would probably have been discovered in the Middle Ages at the latest. The Kannelberg with its dense forest has long been an important source of wood.<\/p>\n<h4>\n\t\tHighlight from Blockline Bike-Loop 1\n\t<\/h4>\n\t\t\t\t<img loading=\"lazy\" decoding=\"async\" src=\"https:\/\/blockline.bike\/wp-content\/uploads\/sites\/10\/2020\/10\/hemmschuh-mountain-bike-familie-strecke-blockline-erzgebirge-1-934x1024.jpg\" alt=\"hemmschuh-mountain-bike-familie-strecke-blockline-erzgebirge-1\" height=\"1024\" width=\"934\" title=\"hemmschuh-mountain-bike-familie-strecke-blockline-erzgebirge-1\" \/>\n<h3>\n\t\tNature Reserve Hemmschuh\n\t<\/h3>\n\tThe nature reserve is known for its formerly large occurrence of snowdrop flowers.<br \/>\nA total of 64 breeding bird species are at home here in an exceptionally large beech forest.\n<h4>\n\t\tHighlight from Blockline Bike-Loop 1\n\t<\/h4>\n\t\t\t\t<img loading=\"lazy\" decoding=\"async\" src=\"https:\/\/blockline.bike\/wp-content\/uploads\/sites\/10\/2020\/10\/wuester-teich-mountain-bike-familie-strecke-blockline-erzgebirge-1024x673.jpg\" alt=\"wuester-teich-mountain-bike-familie-strecke-blockline-erzgebirge\" height=\"673\" width=\"1024\" title=\"wuester-teich-mountain-bike-familie-strecke-blockline-erzgebirge\" \/>\n<h3>\n\t\tW\u00fcster Teich\n\t<\/h3>\n\t<p>The route passes a picturesque, small lake in the middle of the forest. W\u00fcster Teich is an emergency dam pond and was intended to provide additional water for rafting operations on the Wilde Wei\u00dferitz.<\/p>\n<h4>\n\t\tHighlight from Blockline Bike-Loop 1\n\t<\/h4>\n\t\t\t\t<img loading=\"lazy\" decoding=\"async\" src=\"https:\/\/blockline.bike\/wp-content\/uploads\/sites\/10\/2020\/10\/kahleberg-mountain-bike-familie-strecke-blockline-erzgebirge-1024x683.jpg\" alt=\"kahleberg-mountain-bike-familie-strecke-blockline-erzgebirge\" height=\"683\" width=\"1024\" title=\"kahleberg-mountain-bike-familie-strecke-blockline-erzgebirge\" \/>\n<h3>\n\t\tKahleberg\n\t<\/h3>\n\t<p>Like in a fairy tale: When the Kahleberg was given its name in the Middle Ages, it was subject to heavy wood clearing. Today it is anything but bare. From the summit you have a fantastic view all the way to the Dresden Elbe Valley, the Elbe Sandstone Mountains and the Bohemin Mountain Range.<\/p>\n\t<script type=\"text\/javascript\" src=\"https:\/\/regio.outdooractive.com\/oar-erzgebirge\/de\/embed\/39595085\/js?mw=false\"><\/script>\n\t<a href=\"https:\/\/www.outdooractive.com\/download.tour.gpx?i=32532381&amp;project=outdooractive&amp;lang=de\" title=\"GPS-Track Family Mountain Bike-Tour BLOCKLINE Loop 1\">\n     <i>Download<\/i><br \/>\n    GPS-Track BLOCKLINE Loop 1 (53 km \u00b7 1.140 elevation gain)\n<\/a>\n<h2>\n\t\tAll Stages of the Blockline Loop 1\n\t<\/h2>\n    <table>\n        <thead>\n            <tr>\n                <th scope=\"col\">Trail<\/th>\n                <th scope=\"col\">from<\/th>\n                <th scope=\"col\">to<\/th>\n                <th scope=\"col\">Distance<\/th>\n                <th scope=\"col\">Ascent<\/th>\n                <th scope=\"col\">Descent<\/th>\n                <th scope=\"col\">Details<\/th>\n            <\/tr>\n        <\/thead>\n        <tbody>\n                            <tr>\n                    <td colspan=\"7\">\n                        <h3>Blockline Bike-Loop 1                            <a href=\"https:\/\/blockline.bike\/en\/family-bike-trail\/blockline-mtb-loop-1\/\">Complete Overview<\/a>\n                        <\/h3>\n                    <\/td>\n                <\/tr>\n                                        <tr>\n                            <th scope=\"row\">Stage 1<\/th>\n                            <td>Holzhau<\/td>\n                            <td>Neuhermsdorf<\/td>\n                            <td>9,2 km<\/td>\n                            <td>273 m<\/td>\n                            <td>136 m<\/td>\n                            <td><a href=\"https:\/\/blockline.bike\/en\/family-bike-route\/blockline-mtb-loop-1\/blockline-mtb-stage-1-holzhau-neuhermsdorf\/\">More Information<\/a><\/td>\n                        <\/tr>\n                                            <tr>\n                            <th scope=\"row\">Stage 2<\/th>\n                            <td>Neuhermsdorf<\/td>\n                            <td>Rehefeld-Zaunhaus<\/td>\n                            <td>5,8 km<\/td>\n                            <td>103 m<\/td>\n                            <td>148 m<\/td>\n                            <td><a href=\"https:\/\/blockline.bike\/en\/family-bike-route\/blockline-mtb-loop-1\/blockline-mtb-stage-2-neuhermsdorf-rehefeld-zaunhaus\/\">More Information<\/a><\/td>\n                        <\/tr>\n                                            <tr>\n                            <th scope=\"row\">Stage 3<\/th>\n                            <td>Rehefeld-Zaunhaus<\/td>\n                            <td>Zinnwald<\/td>\n                            <td>6,9 km<\/td>\n                            <td>213 m<\/td>\n                            <td>22 m<\/td>\n                            <td><a href=\"https:\/\/blockline.bike\/en\/family-bike-route\/blockline-mtb-loop-1\/blockline-mtb-stage-3-rehefeld-zaunhaus-zinnwald\/\">More Information<\/a><\/td>\n                        <\/tr>\n                                            <tr>\n                            <th scope=\"row\">Stage 4<\/th>\n                            <td>Zinnwald<\/td>\n                            <td>Altenberg<\/td>\n                            <td>6,5 km<\/td>\n                            <td>52 m<\/td>\n                            <td>151 m<\/td>\n                            <td><a href=\"https:\/\/blockline.bike\/en\/family-bike-route\/blockline-mtb-loop-1\/blockline-mtb-stage-4-zinnwald-altenberg\/\">More Information<\/a><\/td>\n                        <\/tr>\n                                            <tr>\n                            <th scope=\"row\">Stage 5<\/th>\n                            <td>Altenberg<\/td>\n                            <td>B\u00e4renfels<\/td>\n                            <td>9,7 km<\/td>\n                            <td>128 m<\/td>\n                            <td>231 m<\/td>\n                            <td><a href=\"https:\/\/blockline.bike\/en\/family-bike-route\/blockline-mtb-loop-1\/blockline-mtb-stage-5-altenberg-baerenfels\/\">More Information<\/a><\/td>\n                        <\/tr>\n                                            <tr>\n                            <th scope=\"row\">Stage 6<\/th>\n                            <td>B\u00e4renfels<\/td>\n                            <td>Hermsdorf<\/td>\n                            <td>8,9 km<\/td>\n                            <td>237 m<\/td>\n                            <td>219 m<\/td>\n                            <td><a href=\"https:\/\/blockline.bike\/en\/family-bike-route\/blockline-mtb-loop-1\/blockline-mtb-stage-6-baerenfels-hermsdorf\/\">More Information<\/a><\/td>\n                        <\/tr>\n                                            <tr>\n                            <th scope=\"row\">Transit: End Loop 1<\/th>\n                            <td>Hermsdorf<\/td>\n                            <td>Holzhau<\/td>\n                            <td>6,5 km<\/td>\n                            <td>148 m<\/td>\n                            <td>256 m<\/td>\n                            <td><a href=\"https:\/\/blockline.bike\/en\/family-bike-route\/transit-end-loop-1\/blockline-mtb-transit-hermsdorf-holzhau\/\">More Information<\/a><\/td>\n                        <\/tr>\n                            <\/tbody>\n    <\/table>\n<h2>\n\t\tAccommodations on the Blockline Loop 1\n\t<\/h2>\n        <a target=\"_blank\" href=\"https:\/\/www.erzgebirge-tourismus.de\/apps\/tosc5\/#\/unterkuenfte\/SAC\/1e548774-a7ed-4d16-92da-25d7a6a0c863\/berghotel-talblick?useDetailSearch=true\" data-filter-loop-1 data-filter-loop-2 data-filter-loop-3 data-filter-central rel=\"noopener\">\n                        <h4>Berghotel Talblick<\/h4>\n                        <p>Rechenberg-Bienenm\u00fchle \u00b7 <b>Loop&nbsp;1&nbsp;&middot; Loop&nbsp;2&nbsp;&middot; Loop&nbsp;3<\/b><\/p>\n                                                    <p>Etappen 15&nbsp;&amp;&nbsp;1: C\u00e4mmerswalde&nbsp;&raquo; Holzhau&nbsp;&raquo; Neuhermsdorf<\/p>\n                                                \n                            &nbsp;Familienzimmer\/ Aufbettung \u00b7 &nbsp;Kinderteller \u00b7 &nbsp;W\u00e4scheservice<br \/><br \/>&nbsp;vegetarische Gerichte \u00b7 &nbsp;vegane Gerichte \u00b7 &nbsp;Lunchpaket \u00b7 &nbsp;Fr\u00fchst\u00fcck ab 08:00 Uhr \u00b7 K\u00fcche schlie\u00dft 22:00 Uhr<br \/><br \/>&nbsp;Bike-Garage \u00b7 Bike-Wash \u00b7 Bikeverleih \u00b7 &nbsp;Bikewerkstatt\/-zeug \u00b7 &nbsp;Ladem\u00f6glichkeit f\u00fcr E-Bikes                        \n        <\/a>\n        <a target=\"_blank\" href=\"https:\/\/www.erzgebirge-tourismus.de\/apps\/tosc5\/#\/unterkuenfte\/SAC\/4d106bab-bf8b-48aa-8247-c2e4d91b9895\/ferienwohnung-goldene-hoehe?useDetailSearch=false\" data-filter-loop-1 data-filter-loop-2 data-filter-loop-3 data-filter-central rel=\"noopener\">\n                        <h4>Ferienwohnung Goldene H\u00f6he<\/h4>\n                        <p>Rechenberg-Bienenm\u00fchle \u00b7 <b>Loop&nbsp;1&nbsp;&middot; Loop&nbsp;2&nbsp;&middot; Loop&nbsp;3<\/b><\/p>\n                                                    <p>Etappen 15&nbsp;&amp;&nbsp;1: C\u00e4mmerswalde&nbsp;&raquo; Holzhau&nbsp;&raquo; Neuhermsdorf<\/p>\n                                                \n                            &nbsp;Familienzimmer\/ Aufbettung \u00b7 &nbsp;Spielplatz\/-zimmer \u00b7 &nbsp;W\u00e4scheservice<br \/><br \/>&nbsp;Bike-Garage \u00b7 Bike-Wash \u00b7 Bikeverleih \u00b7 &nbsp;Bikewerkstatt\/-zeug \u00b7 &nbsp;Ladem\u00f6glichkeit f\u00fcr E-Bikes                        \n        <\/a>\n        <a target=\"_blank\" href=\"https:\/\/www.erzgebirge-tourismus.de\/apps\/tosc5\/#\/unterkuenfte\/SAC\/5cc372c4-dc69-4071-a86d-4d526098b6dd\/ferienwohnungen-kammbaude?useDetailSearch=false\" data-filter-loop-1 rel=\"noopener\">\n                        <h4>Kammbaude Neuhermsdorf<\/h4>\n                        <p>Hermsdorf \/Erzgebirge \u00b7 <b>Loop&nbsp;1<\/b><\/p>\n                                                    <p>Etappen 1&nbsp;&amp;&nbsp;2: Holzhau&nbsp;&raquo; Neuhermsdorf&nbsp;&raquo; Rehefeld-Zaunhaus<\/p>\n                                                \n                            &nbsp;Familienzimmer\/ Aufbettung \u00b7 &nbsp;Spielplatz\/-zimmer \u00b7 &nbsp;Kinderteller \u00b7 &nbsp;W\u00e4scheservice<br \/><br \/>&nbsp;vegetarische Gerichte \u00b7 &nbsp;vegane Gerichte \u00b7 &nbsp;Lunchpaket \u00b7 &nbsp;Fr\u00fchst\u00fcck ab 06:00 Uhr<br \/><br \/>&nbsp;Bike-Garage \u00b7 Bike-Wash \u00b7 Bikeverleih \u00b7 &nbsp;Bikewerkstatt\/-zeug \u00b7 &nbsp;Ladem\u00f6glichkeit f\u00fcr E-Bikes                        \n        <\/a>\n        <a target=\"_blank\" href=\"https:\/\/www.erzgebirge-tourismus.de\/apps\/tosc5\/#\/unterkuenfte\/SAC\/9edce692-58c1-4dd0-9b0e-e37ceace2900\/naturhotel-lindenhof?useDetailSearch=true\" data-filter-loop-1 data-filter-loop-2 data-filter-loop-3 data-filter-central rel=\"noopener\">\n                        <h4>Naturhotel Lindenhof<\/h4>\n                        <p>Rechenberg-Bienenm\u00fchle \u00b7 <b>Loop&nbsp;1&nbsp;&middot; Loop&nbsp;2&nbsp;&middot; Loop&nbsp;3<\/b><\/p>\n                                                    <p>Etappen 15&nbsp;&amp;&nbsp;1: C\u00e4mmerswalde&nbsp;&raquo; Holzhau&nbsp;&raquo; Neuhermsdorf<\/p>\n                                                \n                            &nbsp;Familienzimmer\/ Aufbettung \u00b7 &nbsp;Spielplatz\/-zimmer \u00b7 &nbsp;Kinderteller \u00b7 &nbsp;W\u00e4scheservice<br \/><br \/>&nbsp;vegetarische Gerichte \u00b7 &nbsp;Lunchpaket \u00b7 &nbsp;Fr\u00fchst\u00fcck ab 07:30 Uhr \u00b7 K\u00fcche schlie\u00dft 20:30 Uhr<br \/><br \/>&nbsp;Bike-Garage \u00b7 Bikeverleih                        \n        <\/a>\n        <a target=\"_blank\" href=\"https:\/\/www.erzgebirge-tourismus.de\/apps\/tosc5\/#\/unterkuenfte\/SAC\/1b584476-c152-4eb3-8ff7-9be566dda262\/sporthuetten-nassau?useDetailSearch=false\" data-filter-loop-1 data-filter-loop-2 data-filter-loop-3 data-filter-central rel=\"noopener\">\n                        <h4>Sporth\u00fctten Nassau<\/h4>\n                        <p>Frauenstein \u00b7 <b>Loop&nbsp;1&nbsp;&middot; Loop&nbsp;2&nbsp;&middot; Loop&nbsp;3<\/b><\/p>\n                                                    <p>Etappen 1&nbsp;&amp;&nbsp;7&nbsp;&amp;&nbsp;15: Holzhau&nbsp;&raquo; Neuhermsdorf&nbsp;&raquo; Frauenstein&nbsp;&raquo; Holzhau<\/p>\n                                                \n                            &nbsp;Familienzimmer\/ Aufbettung \u00b7 &nbsp;Spielplatz\/-zimmer \u00b7 &nbsp;W\u00e4scheservice<br \/><br \/>&nbsp;Bike-Garage \u00b7 Bike-Wash \u00b7 Bikeverleih \u00b7 &nbsp;Bikewerkstatt\/-zeug \u00b7 &nbsp;Ladem\u00f6glichkeit f\u00fcr E-Bikes                        \n        <\/a>\n        <a target=\"_blank\" href=\"https:\/\/jugendherberge-altenberg.de\/angebotsanfrage\/\" data-filter-loop-1 rel=\"noopener\">\n                        <h4>Jugendherberge Altenberg<\/h4>\n                        <p>Altenberg \u00b7 <b>Loop&nbsp;1<\/b><\/p>\n                                                    <p>Etappen 4&nbsp;&amp;&nbsp;5: Zinnwald&nbsp;&raquo; Altenberg&nbsp;&raquo; B\u00e4renfels<\/p>\n                                                \n                            &nbsp;Familienzimmer\/ Aufbettung \u00b7 &nbsp;Spielplatz\/-zimmer \u00b7 &nbsp;Kinderteller \u00b7 &nbsp;W\u00e4scheservice<br \/><br \/>&nbsp;vegetarische Gerichte \u00b7 &nbsp;vegane Gerichte \u00b7 &nbsp;Lunchpaket \u00b7 &nbsp;Fr\u00fchst\u00fcck ab 07:00 Uhr \u00b7 K\u00fcche schlie\u00dft 19:00 Uhr<br \/><br \/>&nbsp;Bike-Garage \u00b7 Bike-Wash \u00b7 Bikeverleih \u00b7 &nbsp;Bikewerkstatt\/-zeug \u00b7 &nbsp;Ladem\u00f6glichkeit f\u00fcr E-Bikes                        \n        <\/a>\n        <a target=\"_blank\" href=\"https:\/\/www.erzgebirge-tourismus.de\/apps\/tosc5\/#\/unterkuenfte\/SAC\/b3e20c1e-4c0a-4ba6-92d3-5130850b9863\/ahorn-waldhotel-altenberg\" data-filter-loop-1 rel=\"noopener\">\n                        <h4>AHORN Waldhotel Altenberg<\/h4>\n                        <p>Altenberg \u00b7 <b>Loop&nbsp;1<\/b><\/p>\n                                                    <p>Etappen 5&nbsp;&amp;&nbsp;6: Altenberg&nbsp;&raquo; B\u00e4renfels&nbsp;&raquo; Hermsdorf<\/p>\n                                                \n                            &nbsp;Familienzimmer\/ Aufbettung \u00b7 &nbsp;Spielplatz\/-zimmer \u00b7 &nbsp;Kinderteller \u00b7 &nbsp;W\u00e4scheservice<br \/><br \/>&nbsp;vegetarische Gerichte \u00b7 &nbsp;Lunchpaket \u00b7 &nbsp;Fr\u00fchst\u00fcck ab 07:00 Uhr \u00b7 K\u00fcche schlie\u00dft 20:30 Uhr<br \/><br \/>&nbsp;Bike-Wash \u00b7 Bikeverleih                        \n        <\/a>\n        <a target=\"_blank\" href=\"https:\/\/www.erzgebirge-tourismus.de\/apps\/tosc5\/#\/unterkuenfte\/SAC\/c462c7e1-89ea-4fb5-92f2-ac8f591e9bba\/gasthaus-kobaer?useDetailSearch=true\" data-filter-loop-1 rel=\"noopener\">\n                        <h4>Gasthaus Kob\u00e4r<\/h4>\n                        <p>Altenberg \u00b7 <b>Loop&nbsp;1<\/b><\/p>\n                                                    <p>Etappen 5&nbsp;&amp;&nbsp;6: Altenberg&nbsp;&raquo; B\u00e4renfels&nbsp;&raquo; Hermsdorf<\/p>\n                                                \n                            &nbsp;Familienzimmer\/ Aufbettung \u00b7 &nbsp;Spielplatz\/-zimmer \u00b7 &nbsp;Kinderteller \u00b7 &nbsp;W\u00e4scheservice<br \/><br \/>&nbsp;vegetarische Gerichte \u00b7 &nbsp;Lunchpaket \u00b7 &nbsp;Fr\u00fchst\u00fcck ab 07:00 Uhr \u00b7 K\u00fcche schlie\u00dft 20:00 Uhr<br \/><br \/>&nbsp;Bike-Garage \u00b7 Bike-Wash \u00b7 Bikeverleih \u00b7 &nbsp;Bikewerkstatt\/-zeug \u00b7 &nbsp;Ladem\u00f6glichkeit f\u00fcr E-Bikes                        \n        <\/a>\n        <a target=\"_blank\" href=\"https:\/\/www.erzgebirge-tourismus.de\/apps\/tosc5\/#\/unterkuenfte\/SAC\/3a033c72-537e-451d-8b1a-76418a4b3470\/hotel--ferienanlage--zum-silberstollen-?useDetailSearch=false\" data-filter-loop-1 rel=\"noopener\">\n                        <h4>Hotel- Ferienanlage &#8220;Zum Silberstollen&#8221;<\/h4>\n                        <p>Altenberg \u00b7 <b>Loop&nbsp;1<\/b><\/p>\n                                                    <p>Etappen 5&nbsp;&amp;&nbsp;6: Altenberg&nbsp;&raquo; B\u00e4renfels&nbsp;&raquo; Hermsdorf<\/p>\n                                                \n                            &nbsp;Familienzimmer\/ Aufbettung \u00b7 &nbsp;W\u00e4scheservice<br \/><br \/>&nbsp;Lunchpaket \u00b7 &nbsp;Fr\u00fchst\u00fcck ab 08:00 Uhr<br \/><br \/>&nbsp;Bike-Garage \u00b7 Bikeverleih \u00b7 &nbsp;Ladem\u00f6glichkeit f\u00fcr E-Bikes                        \n        <\/a>\n        <a target=\"_blank\" href=\"https:\/\/www.erzgebirge-tourismus.de\/apps\/tosc5\/#\/unterkuenfte\/SAC\/afd31635-807f-4342-afb6-8f10ef7c9b49\/naturhotel--gasthof-baerenfels-?useDetailSearch=false\" data-filter-loop-1 rel=\"noopener\">\n                        <h4>Naturhotel Gasthof B\u00e4renfels<\/h4>\n                        <p>Altenberg \u00b7 <b>Loop&nbsp;1<\/b><\/p>\n                                                    <p>Etappen 5&nbsp;&amp;&nbsp;6: Altenberg&nbsp;&raquo; B\u00e4renfels&nbsp;&raquo; Hermsdorf<\/p>\n                                                \n                            &nbsp;Familienzimmer\/ Aufbettung \u00b7 &nbsp;Spielplatz\/-zimmer \u00b7 &nbsp;Kinderteller \u00b7 &nbsp;W\u00e4scheservice<br \/><br \/>&nbsp;vegetarische Gerichte \u00b7 &nbsp;Lunchpaket \u00b7 &nbsp;Fr\u00fchst\u00fcck ab 08:00 Uhr \u00b7 K\u00fcche schlie\u00dft 20:30 Uhr<br \/><br \/>&nbsp;Bike-Garage \u00b7 Bike-Wash \u00b7 Bikeverleih \u00b7 &nbsp;Bikewerkstatt\/-zeug \u00b7 &nbsp;Ladem\u00f6glichkeit f\u00fcr E-Bikes                        \n        <\/a>\n<h2>Blockline Bike-Loop 1: Touren &amp; Termine<\/h2>\n                        <p>Fest<\/p>\n                        <h4><mark>27.&mdash;29.5.<\/mark> &#8211; Kettens\u00e4ge-Weltmeisterschaft<\/h4>\n                                                                        <p>Am Wochenende vom 27.-29. Mai 2023 ist es wieder soweit: Carver aus 11 L\u00e4ndern werden in Blockhausen zu Gast sein und mit Kettens\u00e4gen Kunstwerke aus Holz zaubern. Parallel wird wieder die Qualifikation zur Deutschen Speedcarvingmeisterschaft stattfinden. <\/p>\n                        \n                            <a target=\"_blank\" href=\"https:\/\/blockhausencup.de\/\" rel=\"noopener\">alle Infos &amp; Anmeldung<\/a>\n                        \n                        <p>Guiding<\/p>\n                        <h4><mark>30.6.&mdash;2.7.<\/mark> &#8211; BLOCKLINE Women Weekend<\/h4>\n                                                                        <p>Ladies aufgepasst: Erlebt vom 30.6.-2.7. 2023 ein Wochenende ( mit 2 \u00dcN, Fr\u00fchst\u00fcck &amp; HP) auf der BLOCKLINE. Das Berghotel Talblick ist idealer Ausgangspunkt f\u00fcr drei gef\u00fchrte Tourentage!  An drei Fahrtagen nehmt Ihr jeweils einen der Loops unter die R\u00e4der,<\/p>\n                        \n                            <a target=\"_blank\" href=\"https:\/\/regio.outdooractive.com\/oar-erzgebirge\/de\/angebot\/radreise\/blockline-women-weekend-mit-guide-katja\/801983884\/\" rel=\"noopener\">alle Infos &amp; Anmeldung<\/a>\n                        \n\n","protected":false},"excerpt":{"rendered":"<p>BLOCKLINE Loop 1 Where badgers and red deer greet you: Unwind in the depths of wonderful nature. The mountain meadows are in full bloom. And you&#8217;re standing in the middle of it, surrounded by spicy-scented bearwort, blue devil&#8217;s claw, bright orange fire lilies, yellow-gold coltsfoot and purple wood cranesbill. From a distance, you can hear&hellip;<\/p>\n","protected":false},"author":1,"featured_media":0,"parent":287,"menu_order":0,"comment_status":"closed","ping_status":"closed","template":"","meta":{"footnotes":""},"_links":{"self":[{"href":"https:\/\/blockline.bike\/en\/wp-json\/wp\/v2\/pages\/322"}],"collection":[{"href":"https:\/\/blockline.bike\/en\/wp-json\/wp\/v2\/pages"}],"about":[{"href":"https:\/\/blockline.bike\/en\/wp-json\/wp\/v2\/types\/page"}],"author":[{"embeddable":true,"href":"https:\/\/blockline.bike\/en\/wp-json\/wp\/v2\/users\/1"}],"replies":[{"embeddable":true,"href":"https:\/\/blockline.bike\/en\/wp-json\/wp\/v2\/comments?post=322"}],"version-history":[{"count":5,"href":"https:\/\/blockline.bike\/en\/wp-json\/wp\/v2\/pages\/322\/revisions"}],"predecessor-version":[{"id":6586,"href":"https:\/\/blockline.bike\/en\/wp-json\/wp\/v2\/pages\/322\/revisions\/6586"}],"up":[{"embeddable":true,"href":"https:\/\/blockline.bike\/en\/wp-json\/wp\/v2\/pages\/287"}],"wp:attachment":[{"href":"https:\/\/blockline.bike\/en\/wp-json\/wp\/v2\/media?parent=322"}],"curies":[{"name":"wp","href":"https:\/\/api.w.org\/{rel}","templated":true}]}}