{"id":1558,"date":"2021-09-06T17:21:20","date_gmt":"2021-09-06T15:21:20","guid":{"rendered":"https:\/\/blockline.bike\/blockline-starter-package-activate-adventure-log\/"},"modified":"2025-07-09T16:11:03","modified_gmt":"2025-07-09T14:11:03","slug":"blockline-starter-package-activate-adventure-log","status":"publish","type":"page","link":"https:\/\/blockline.bike\/en\/activate-starterpack-adventure-log\/","title":{"rendered":"Blockline Starter Package &amp; Activate Adventure Log"},"content":{"rendered":"\n\n\t\t\t\t<img decoding=\"async\" src=\"https:\/\/blockline.bike\/wp-content\/uploads\/sites\/43\/2019\/12\/header-blockline-schnitt.png\" alt=\"Blockline Bike Logo Erzgebirge\" title=\"Blockline Bike Logo Erzgebirge\" \/>\n\t<h1>Enable Your Blockline Starter Pack &amp; Adventure Log<\/h1>\n<p>With the starter pack you get many advantages and can manage all of your tours and adventure logs.<\/p>\n    \n        <fieldset data-block=\"0\">\n            <h3>Du hast schon ein BLOCKLINE-Starterpaket?<\/h3>\n            <p>Super, dann k\u00f6nnen wir es jetzt gleich aktivieren.<\/p>\n            <p><a href=\"#\" id=\"more-activations-later\">Willst Du mehrere Starterpakete aktivieren?<\/a><\/p>\n            Sehr gut. Wir aktivieren jetzt hier zun\u00e4chst das erste Starterpaket. Die anderen k\u00f6nnen hinzugef\u00fcgt werden, wenn das erste Starterpaket aktiviert ist.\n            <p>Falls Ihr noch nicht \u00fcber ein Starterpaket verf\u00fcgt: <a href=\"https:\/\/blockline.bike\/en\/starterpakete-zur-blockline-bike-tour\/\">Hier findet Ihr alle Informationen.<\/a><\/p>\n            <p><a href=\"#\" role=\"button\">Starterpaket jetzt aktivieren<\/a><\/p>\n        <\/fieldset>\n        <fieldset data-block=\"1\">\n            <h3>Dein Aktivierungs-Code<\/h3>\n            <p>Jedem BLOCKLINE-Starterpaket liegt ein Aktivierungs-Code f\u00fcr die digitalen Funktionen bei. Bitte gib ihn hier ein.<\/p>\n                <label for=\"code\">Code<\/label>\n                    \n                    <small id=\"codeHelpBlock\">\n                        Du findest den 6-stelligen Aktivierungs-Code entweder auf dem DIN-A6 Begr\u00fc\u00dfungszettel im Abenteuer-Starterpaket oder auf der R\u00fcckseite der Routenkarte.\n                    <\/small>\n                            <p>offen: check, ob Code verbraucht.<\/p>\n                        Bestens. Damit wird ein Starterpaket f\u00fcr eine Person Personen  aktiviert.\n            Leider k\u00f6nnen wir den angegeben Code nicht finden. Schau bitte noch einmal, ob der Code richtig eingegeben worden ist.\n            <p><a href=\"#\" role=\"button\">weiter<\/a><\/p>\n        <\/fieldset>\n        <fieldset data-block=\"2\">\n            <h3>Deine Daten<\/h3>\n                <label for=\"firstname\">Vorname<\/label>\n                    \n                <label for=\"lastname\">Nachname<\/label>\n                    \n                <label for=\"country\">Land<\/label>\n                    \n                        Bitte w\u00e4hlen:\n                                                    Deutschland\n                                                    \u00d6sterreich\n                                                    Schweiz\n                                                    Belgien\n                                                    Bulgarien\n                                                    D\u00e4nmark\n                                                    Estland\n                                                    Finnland\n                                                    Frankreich\n                                                    Griechenland\n                                                    Irland\n                                                    Italien\n                                                    Lettland\n                                                    Litauen\n                                                    Luxemburg\n                                                    Malta\n                                                    Niederlande\n                                                    Polen\n                                                    Portugal\n                                                    Romenien\n                                                    Schweden\n                                                    Slovakei\n                                                    Slowenien\n                                                    Spanien\n                                                    Tschechische Republik\n                                                    Ungarn\n                                                    Vereinigtes K\u00f6nigreich\n                                                    Zypern\n                                            \n                <label for=\"email\">E-Mail<\/label>\n                    \n                <label for=\"emailRepeat\">E-Mail<\/label>\n                    \n            <p><a href=\"#\" role=\"button\">weiter<\/a><\/p>\n        <\/fieldset>\n        <fieldset data-block=\"3\">\n            <h3>Wichtig: Deine Privatsph\u00e4re<\/h3>\n            \n                Zur digitalen Verwaltung Deiner Fahrt und zur Verbesserung des BLOCKLINE-Erlebnisses ist es notwendig, dass wir die hier angegebenen Daten elektronisch verarbeiten.<br \/>\n                Unsere <a href=\"https:\/\/blockline.bike\/datenschutz\/\" target=\"_blank\" rel=\"noopener\">Datenschutzerkl\u00e4rung<\/a>  erl\u00e4utert dies im Detail.\n            \n                <label>\n                     Ja, ich habe die Datenschutzerkl\u00e4rung gelesen und stimme der beschriebenen Nutzung meiner Daten zu.<\/label>\n            \n                Falls Du es Dir anders \u00fcberlegst, kannst Du der Nutzung Deiner Daten gern jederzeit widersprechen.\n                Du erreichst uns dazu am besten \u00fcber die E-Mail <a href=\"mailto:info@blockline.bike\">in<!-- - @ . -->fo@<!-- - @ . -->blo<!-- - @ . -->ckl<!-- - @ . -->ine.<!-- - @ . -->bik<!-- - @ . -->e<\/a>.\n            \n            <p><a href=\"#\" role=\"button\">weiter<\/a><\/p>\n        <\/fieldset>\n        <fieldset data-block=\"4\">\n            <h3>Alles richtig?<\/h3>\n            <p>Nur noch ein Klick und wir aktivieren Dein Starterpaket. Weitere Starterpakete oder Teammitglieder kannst Du danach hinzuf\u00fcgen. Sind alle Daten richtig?<\/p>\n                <p><b>Starterpaket <\/b> f\u00fcr <b>eine Person Personen<\/b><\/p>\n                <b>Hauptansprechpartner:<\/b><br \/>\n                     <br \/>\n                    aus <br \/>\n                    \n                <p>Ich stimme der Datenverarbeitung zu.<\/p>\n            <p><a id=\"activate\" href=\"#\" role=\"button\">Starterpaket aktivieren<\/a><\/p>\n            <p><a data-fieldset=\"2\" href=\"#\" role=\"button\">Daten korrigieren<\/a><\/p>\n        <\/fieldset>\n        <fieldset data-block=\"5\">\n            <h3>Top, alles ist auf dem Weg!<\/h3>\n                <p>Zum Abschluss der Aktivierung senden wir Dir in den n\u00e4chsten f\u00fcnf Minuten eine E-Mail an .<\/p>\n                <p><b>Durch Klick auf den Button \u201eStarterpaket endg\u00fcltig aktivieren&#8221;<\/b> in der E-Mail wird Dein Starterpaket hier auf der Website aktiv.<\/p>\n            <p>In der E-Mail fassen wir Deine hier angegebenen Daten zusammen und geben Dir Deine Login-Daten f\u00fcr Dein Starterpaket. Damit verwaltest Du k\u00fcnftig Deine BLOCKLINE-Bike-Touren. Auch weitere Starterpakete bzw. Teammitglieder kannst Du dann hinzuf\u00fcgen.<\/p>\n        <\/fieldset>\n    \n\n","protected":false},"excerpt":{"rendered":"<p>Enable Your Blockline Starter Pack &amp; Adventure Log With the starter pack you get many advantages and can manage all of your tours and adventure logs. Du hast schon ein BLOCKLINE-Starterpaket? Super, dann k\u00f6nnen wir es jetzt gleich aktivieren. Willst Du mehrere Starterpakete aktivieren? Sehr gut. Wir aktivieren jetzt hier zun\u00e4chst das erste Starterpaket. Die&hellip;<\/p>\n","protected":false},"author":7,"featured_media":0,"parent":6573,"menu_order":0,"comment_status":"closed","ping_status":"closed","template":"","meta":{"footnotes":""},"_links":{"self":[{"href":"https:\/\/blockline.bike\/en\/wp-json\/wp\/v2\/pages\/1558"}],"collection":[{"href":"https:\/\/blockline.bike\/en\/wp-json\/wp\/v2\/pages"}],"about":[{"href":"https:\/\/blockline.bike\/en\/wp-json\/wp\/v2\/types\/page"}],"author":[{"embeddable":true,"href":"https:\/\/blockline.bike\/en\/wp-json\/wp\/v2\/users\/7"}],"replies":[{"embeddable":true,"href":"https:\/\/blockline.bike\/en\/wp-json\/wp\/v2\/comments?post=1558"}],"version-history":[{"count":2,"href":"https:\/\/blockline.bike\/en\/wp-json\/wp\/v2\/pages\/1558\/revisions"}],"predecessor-version":[{"id":6591,"href":"https:\/\/blockline.bike\/en\/wp-json\/wp\/v2\/pages\/1558\/revisions\/6591"}],"up":[{"embeddable":true,"href":"https:\/\/blockline.bike\/en\/wp-json\/wp\/v2\/pages\/6573"}],"wp:attachment":[{"href":"https:\/\/blockline.bike\/en\/wp-json\/wp\/v2\/media?parent=1558"}],"curies":[{"name":"wp","href":"https:\/\/api.w.org\/{rel}","templated":true}]}}